{"id":159,"date":"2020-11-05T12:32:55","date_gmt":"2020-11-05T11:32:55","guid":{"rendered":"https:\/\/angeluranga.com\/biografia\/"},"modified":"2020-12-01T09:59:01","modified_gmt":"2020-12-01T08:59:01","slug":"biografia","status":"publish","type":"page","link":"https:\/\/angeluranga.com\/en\/biografia\/","title":{"rendered":"ANGEL URANGA"},"content":{"rendered":"<div class=\"wrapper image-wrapper bg-image inverse-text\" style=\"background-image: url('https:\/\/angeluranga.com\/wp-content\/uploads\/2020\/11\/contraportada.jpg');\" data-image-src=\"https:\/\/angeluranga.com\/wp-content\/uploads\/2020\/11\/contraportada.jpg\">\n<div class=\"container inner pt-150 pb-150\">\n<h2 class=\"heading text-uppercase mb-20 text-center\">Datos de la obra<\/h2>\n<p class=\"lead\">La t\u00e9cnica experimental &#8220;Incompatibilidad de medios&#8221; creada por Uranga utiliza simult\u00e1neamente el \u00f3leo y el agua estimulando la sensaci\u00f3n ilusoria de volumen de gotas de agua sobre el plano. Las texturas producidas se utilizan en obra referencial, abstracta o combinatoria de ambas seg\u00fan las diferentes etapas de la intenci\u00f3n investigadora: Sobre volumen y espacio ilusorio, trayecto, proceso y en la actualidad sobre composici\u00f3n.Las obras representan una actitud de investigaci\u00f3n respecto a la problem\u00e1tica de los lenguajes y los procesos creativos.<\/p>\n<\/div>\n<\/div>\n","protected":false},"excerpt":{"rendered":"<p>Datos de la obra La t\u00e9cnica experimental &#8220;Incompatibilidad de medios&#8221; creada por Uranga utiliza simult\u00e1neamente el \u00f3leo y el agua estimulando la sensaci\u00f3n ilusoria de volumen de gotas de agua sobre el plano. Las texturas producidas se utilizan en obra referencial, abstracta o combinatoria de ambas seg\u00fan las diferentes etapas de la intenci\u00f3n investigadora: Sobre [&hellip;]<\/p>\n","protected":false},"author":1,"featured_media":37,"parent":0,"menu_order":0,"comment_status":"closed","ping_status":"closed","template":"template-bio.php","meta":[],"acf":[],"yoast_head":"<!-- This site is optimized with the Yoast SEO plugin v19.9 - https:\/\/yoast.com\/wordpress\/plugins\/seo\/ -->\n<title>ANGEL URANGA - Angel Uranga<\/title>\n<meta name=\"robots\" content=\"index, follow, max-snippet:-1, max-image-preview:large, max-video-preview:-1\" \/>\n<link rel=\"canonical\" href=\"https:\/\/angeluranga.com\/en\/biografia\/\" \/>\n<meta property=\"og:locale\" content=\"en_US\" \/>\n<meta property=\"og:type\" content=\"article\" \/>\n<meta property=\"og:title\" content=\"ANGEL URANGA - Angel Uranga\" \/>\n<meta property=\"og:description\" content=\"Datos de la obra La t\u00e9cnica experimental &#8220;Incompatibilidad de medios&#8221; creada por Uranga utiliza simult\u00e1neamente el \u00f3leo y el agua estimulando la sensaci\u00f3n ilusoria de volumen de gotas de agua sobre el plano. Las texturas producidas se utilizan en obra referencial, abstracta o combinatoria de ambas seg\u00fan las diferentes etapas de la intenci\u00f3n investigadora: Sobre [&hellip;]\" \/>\n<meta property=\"og:url\" content=\"https:\/\/angeluranga.com\/en\/biografia\/\" \/>\n<meta property=\"og:site_name\" content=\"Angel Uranga\" \/>\n<meta property=\"article:modified_time\" content=\"2020-12-01T08:59:01+00:00\" \/>\n<meta property=\"og:image\" content=\"https:\/\/angeluranga.com\/wp-content\/uploads\/2020\/11\/angel_uranga_bio.jpg\" \/>\n\t<meta property=\"og:image:width\" content=\"982\" \/>\n\t<meta property=\"og:image:height\" content=\"547\" \/>\n\t<meta property=\"og:image:type\" content=\"image\/jpeg\" \/>\n<meta name=\"twitter:card\" content=\"summary_large_image\" \/>\n<script type=\"application\/ld+json\" class=\"yoast-schema-graph\">{\"@context\":\"https:\/\/schema.org\",\"@graph\":[{\"@type\":\"WebPage\",\"@id\":\"https:\/\/angeluranga.com\/en\/biografia\/\",\"url\":\"https:\/\/angeluranga.com\/en\/biografia\/\",\"name\":\"ANGEL URANGA - Angel Uranga\",\"isPartOf\":{\"@id\":\"https:\/\/angeluranga.com\/en\/#website\"},\"datePublished\":\"2020-11-05T11:32:55+00:00\",\"dateModified\":\"2020-12-01T08:59:01+00:00\",\"breadcrumb\":{\"@id\":\"https:\/\/angeluranga.com\/en\/biografia\/#breadcrumb\"},\"inLanguage\":\"en-US\",\"potentialAction\":[{\"@type\":\"ReadAction\",\"target\":[\"https:\/\/angeluranga.com\/en\/biografia\/\"]}]},{\"@type\":\"BreadcrumbList\",\"@id\":\"https:\/\/angeluranga.com\/en\/biografia\/#breadcrumb\",\"itemListElement\":[{\"@type\":\"ListItem\",\"position\":1,\"name\":\"Portada\",\"item\":\"https:\/\/angeluranga.com\/en\/pagina-ejemplo\/\"},{\"@type\":\"ListItem\",\"position\":2,\"name\":\"ANGEL URANGA\"}]},{\"@type\":\"WebSite\",\"@id\":\"https:\/\/angeluranga.com\/en\/#website\",\"url\":\"https:\/\/angeluranga.com\/en\/\",\"name\":\"Angel Uranga\",\"description\":\"Web oficial del pintor y artista \u00c1ngel Uranga\",\"publisher\":{\"@id\":\"https:\/\/angeluranga.com\/en\/#organization\"},\"potentialAction\":[{\"@type\":\"SearchAction\",\"target\":{\"@type\":\"EntryPoint\",\"urlTemplate\":\"https:\/\/angeluranga.com\/en\/?s={search_term_string}\"},\"query-input\":\"required name=search_term_string\"}],\"inLanguage\":\"en-US\"},{\"@type\":\"Organization\",\"@id\":\"https:\/\/angeluranga.com\/en\/#organization\",\"name\":\"Angel Uranga\",\"url\":\"https:\/\/angeluranga.com\/en\/\",\"logo\":{\"@type\":\"ImageObject\",\"inLanguage\":\"en-US\",\"@id\":\"https:\/\/angeluranga.com\/en\/#\/schema\/logo\/image\/\",\"url\":\"https:\/\/angeluranga.com\/wp-content\/uploads\/2020\/10\/logo2-light@2x.png\",\"contentUrl\":\"https:\/\/angeluranga.com\/wp-content\/uploads\/2020\/10\/logo2-light@2x.png\",\"width\":144,\"height\":80,\"caption\":\"Angel Uranga\"},\"image\":{\"@id\":\"https:\/\/angeluranga.com\/en\/#\/schema\/logo\/image\/\"}}]}<\/script>\n<!-- \/ Yoast SEO plugin. -->","yoast_head_json":{"title":"ANGEL URANGA - Angel Uranga","robots":{"index":"index","follow":"follow","max-snippet":"max-snippet:-1","max-image-preview":"max-image-preview:large","max-video-preview":"max-video-preview:-1"},"canonical":"https:\/\/angeluranga.com\/en\/biografia\/","og_locale":"en_US","og_type":"article","og_title":"ANGEL URANGA - Angel Uranga","og_description":"Datos de la obra La t\u00e9cnica experimental &#8220;Incompatibilidad de medios&#8221; creada por Uranga utiliza simult\u00e1neamente el \u00f3leo y el agua estimulando la sensaci\u00f3n ilusoria de volumen de gotas de agua sobre el plano. Las texturas producidas se utilizan en obra referencial, abstracta o combinatoria de ambas seg\u00fan las diferentes etapas de la intenci\u00f3n investigadora: Sobre [&hellip;]","og_url":"https:\/\/angeluranga.com\/en\/biografia\/","og_site_name":"Angel Uranga","article_modified_time":"2020-12-01T08:59:01+00:00","og_image":[{"width":982,"height":547,"url":"https:\/\/angeluranga.com\/wp-content\/uploads\/2020\/11\/angel_uranga_bio.jpg","type":"image\/jpeg"}],"twitter_card":"summary_large_image","schema":{"@context":"https:\/\/schema.org","@graph":[{"@type":"WebPage","@id":"https:\/\/angeluranga.com\/en\/biografia\/","url":"https:\/\/angeluranga.com\/en\/biografia\/","name":"ANGEL URANGA - Angel Uranga","isPartOf":{"@id":"https:\/\/angeluranga.com\/en\/#website"},"datePublished":"2020-11-05T11:32:55+00:00","dateModified":"2020-12-01T08:59:01+00:00","breadcrumb":{"@id":"https:\/\/angeluranga.com\/en\/biografia\/#breadcrumb"},"inLanguage":"en-US","potentialAction":[{"@type":"ReadAction","target":["https:\/\/angeluranga.com\/en\/biografia\/"]}]},{"@type":"BreadcrumbList","@id":"https:\/\/angeluranga.com\/en\/biografia\/#breadcrumb","itemListElement":[{"@type":"ListItem","position":1,"name":"Portada","item":"https:\/\/angeluranga.com\/en\/pagina-ejemplo\/"},{"@type":"ListItem","position":2,"name":"ANGEL URANGA"}]},{"@type":"WebSite","@id":"https:\/\/angeluranga.com\/en\/#website","url":"https:\/\/angeluranga.com\/en\/","name":"Angel Uranga","description":"Web oficial del pintor y artista \u00c1ngel Uranga","publisher":{"@id":"https:\/\/angeluranga.com\/en\/#organization"},"potentialAction":[{"@type":"SearchAction","target":{"@type":"EntryPoint","urlTemplate":"https:\/\/angeluranga.com\/en\/?s={search_term_string}"},"query-input":"required name=search_term_string"}],"inLanguage":"en-US"},{"@type":"Organization","@id":"https:\/\/angeluranga.com\/en\/#organization","name":"Angel Uranga","url":"https:\/\/angeluranga.com\/en\/","logo":{"@type":"ImageObject","inLanguage":"en-US","@id":"https:\/\/angeluranga.com\/en\/#\/schema\/logo\/image\/","url":"https:\/\/angeluranga.com\/wp-content\/uploads\/2020\/10\/logo2-light@2x.png","contentUrl":"https:\/\/angeluranga.com\/wp-content\/uploads\/2020\/10\/logo2-light@2x.png","width":144,"height":80,"caption":"Angel Uranga"},"image":{"@id":"https:\/\/angeluranga.com\/en\/#\/schema\/logo\/image\/"}}]}},"_links":{"self":[{"href":"https:\/\/angeluranga.com\/en\/wp-json\/wp\/v2\/pages\/159"}],"collection":[{"href":"https:\/\/angeluranga.com\/en\/wp-json\/wp\/v2\/pages"}],"about":[{"href":"https:\/\/angeluranga.com\/en\/wp-json\/wp\/v2\/types\/page"}],"author":[{"embeddable":true,"href":"https:\/\/angeluranga.com\/en\/wp-json\/wp\/v2\/users\/1"}],"replies":[{"embeddable":true,"href":"https:\/\/angeluranga.com\/en\/wp-json\/wp\/v2\/comments?post=159"}],"version-history":[{"count":7,"href":"https:\/\/angeluranga.com\/en\/wp-json\/wp\/v2\/pages\/159\/revisions"}],"predecessor-version":[{"id":242,"href":"https:\/\/angeluranga.com\/en\/wp-json\/wp\/v2\/pages\/159\/revisions\/242"}],"wp:featuredmedia":[{"embeddable":true,"href":"https:\/\/angeluranga.com\/en\/wp-json\/wp\/v2\/media\/37"}],"wp:attachment":[{"href":"https:\/\/angeluranga.com\/en\/wp-json\/wp\/v2\/media?parent=159"}],"curies":[{"name":"wp","href":"https:\/\/api.w.org\/{rel}","templated":true}]}}